{"id":4977,"date":"2022-03-03T04:34:52","date_gmt":"2022-03-03T07:34:52","guid":{"rendered":"https:\/\/www.javoraidigital.com\/ecommerce-con-wordpress-woocommerce\/"},"modified":"2022-07-10T20:44:01","modified_gmt":"2022-07-11T00:44:01","slug":"wordpress-and-woocommerce","status":"publish","type":"page","link":"https:\/\/www.javoraidigital.com\/en\/wordpress-and-woocommerce\/","title":{"rendered":"WordPress and Woocommerce"},"content":{"rendered":"<div class=\"wpb-content-wrapper\">[vc_row][vc_column][wgl_spacing spacer_size=&#8221;13&#8243;][\/vc_column][\/vc_row][vc_row content_placement=&#8221;middle&#8221; z_index=&#8221;3&#8243;][vc_column width=&#8221;1\/2&#8243;][wgl_double_headings title_color=&#8221;#1e203f&#8221; subtitle_color=&#8221;#0465b2&#8243; title=&#8221;What is WordPress&#8221; responsive_font=&#8221;true&#8221; font_size_mobile=&#8221;33&#8243;][wgl_spacing spacer_size=&#8221;19&#8243;][wgl_custom_text font_size=&#8221;18&#8243;]WordPress is a content management system (CMS) that allows you to create, edit and completely remove the features it brings. Over the years, it has become more popular. It is ideal for content management that allows all kinds of more complex websites and mainly for positioning your website on browsers.[\/wgl_custom_text][wgl_spacing spacer_size=&#8221;30&#8243;][vc_tta_tabs active_section=&#8221;1&#8243;][vc_tta_section i_icon_fontawesome=&#8221;fas fa-signal&#8221; add_icon=&#8221;true&#8221; title=&#8221;Advantage&#8221; tab_id=&#8221;023-a259433c-8b57&#8243;][vc_column_text]\n<ul class=\"seofy_plus\">\n<li style=\"padding-bottom: 5px;\">Easy product management.<\/li>\n<li style=\"padding-bottom: 5px;\">Fully secure Backend.<\/li>\n<li style=\"padding-bottom: 5px;\">Agile stock control management.<\/li>\n<li>Speed \u200b\u200boptimization.<\/li>\n<li>Various payment methods integration.<\/li>\n<li>Page fully compatible with browsers.<\/li>\n<\/ul>\n[\/vc_column_text][\/vc_tta_section][vc_tta_section i_icon_fontawesome=&#8221;fas fa-funnel-dollar&#8221; add_icon=&#8221;true&#8221; title=&#8221;Functions&#8221; tab_id=&#8221;051-45ae-fc01&#8243;][vc_column_text]\n<ul class=\"seofy_plus\">\n<li>Product creation with an innovative and efficient interface.<\/li>\n<li><span style=\"font-weight: 400;\">Fully scalable<\/span><\/li>\n<li><span style=\"font-weight: 400;\">Social media settings to sync stores on Business Facebook.<\/span><\/li>\n<li><span style=\"font-weight: 400;\">Orders management.<\/span><\/li>\n<li><span style=\"font-weight: 400;\">Shopping cart control.<\/span><\/li>\n<li>100% compatible with browsers<\/li>\n<li><span style=\"font-weight: 400;\">User Management<\/span><\/li>\n<li><span style=\"font-weight: 400;\"><\/span><span style=\"font-weight: 400;\">User roles control<\/span><\/li>\n<li><span style=\"font-weight: 400;\"><\/span><span style=\"font-weight: 400;\">Products management<\/span><\/li>\n<li><span style=\"font-weight: 400;\"><\/span><span style=\"font-weight: 400;\">Management of internal pages.<\/span><\/li>\n<li><span style=\"font-weight: 400;\"><\/span><span style=\"font-weight: 400;\">Integrated blog<\/span><\/li>\n<\/ul>\n[\/vc_column_text][\/vc_tta_section][\/vc_tta_tabs][\/vc_column][vc_column width=&#8221;1\/2&#8243; offset=&#8221;vc_col-lg-offset-1 vc_col-lg-5&#8243;][wgl_image_layers interval=&#8221;500&#8243; values=&#8221;%5B%7B%22thumbnail%22%3A%22897%22%2C%22image_animation%22%3A%22slide_left%22%2C%22image_order%22%3A%221%22%7D%2C%7B%22thumbnail%22%3A%22898%22%2C%22image_animation%22%3A%22slide_right%22%2C%22image_order%22%3A%223%22%7D%2C%7B%22thumbnail%22%3A%224099%22%2C%22image_animation%22%3A%22fade_in%22%2C%22image_order%22%3A%222%22%7D%2C%7B%22thumbnail%22%3A%224116%22%2C%22image_animation%22%3A%22fade_in%22%2C%22image_order%22%3A%224%22%7D%5D&#8221;][wgl_spacing spacer_size=&#8221;0&#8243; screen_tablet=&#8221;768&#8243; responsive_tablet=&#8221;true&#8221; size_tablet=&#8221;55&#8243;][\/vc_column][\/vc_row][vc_row][vc_column][vc_row_inner css=&#8221;.vc_custom_1624594275462{padding-top: 90px !important;background-image: url(https:\/\/www.javoraidigital.com\/wp-content\/uploads\/2021\/06\/block-ECommerce2-2.png?id=3324) !important;background-position: center !important;background-repeat: no-repeat !important;background-size: contain !important;}&#8221;][vc_column_inner el_class=&#8221;box-shadow&#8221; width=&#8221;2\/3&#8243; offset=&#8221;vc_col-lg-offset-2 vc_col-md-offset-1 vc_col-md-4 vc_col-sm-offset-2&#8243; css=&#8221;.vc_custom_1543415405232{padding-top: 0px !important;padding-right: 40px !important;padding-left: 40px !important;background-color: #ffffff !important;border-radius: 5px !important;}&#8221;][wgl_spacing spacer_size=&#8221;40&#8243;][wgl_custom_text font_size=&#8221;24&#8243; line_height=&#8221;40&#8243;]\n<h5 style=\"text-align: center;\"><span style=\"font-weight: bold;\" class=\"custom-weight\">Cont\u00e1ctanos<\/span><\/h5>\n[\/wgl_custom_text][wgl_spacing spacer_size=&#8221;22&#8243;]\n<div class=\"wpcf7 no-js\" id=\"wpcf7-f4760-o1\" lang=\"en-US\" dir=\"ltr\" data-wpcf7-id=\"4760\">\n<div class=\"screen-reader-response\"><p role=\"status\" aria-live=\"polite\" aria-atomic=\"true\"><\/p> <ul><\/ul><\/div>\n<form action=\"\/en\/wp-json\/wp\/v2\/pages\/4977#wpcf7-f4760-o1\" method=\"post\" class=\"wpcf7-form init\" aria-label=\"Contact form\" novalidate=\"novalidate\" data-status=\"init\">\n<fieldset class=\"hidden-fields-container\"><input type=\"hidden\" name=\"_wpcf7\" value=\"4760\" \/><input type=\"hidden\" name=\"_wpcf7_version\" value=\"6.1.5\" \/><input type=\"hidden\" name=\"_wpcf7_locale\" value=\"en_US\" \/><input type=\"hidden\" name=\"_wpcf7_unit_tag\" value=\"wpcf7-f4760-o1\" \/><input type=\"hidden\" name=\"_wpcf7_container_post\" value=\"0\" \/><input type=\"hidden\" name=\"_wpcf7_posted_data_hash\" value=\"\" \/><input type=\"hidden\" name=\"_wpcf7_recaptcha_response\" value=\"\" \/>\n<\/fieldset>\n<div class=\"row submit_fw\">\n\t<div class=\"wgl_col-12\">\n\t\t<p><span class=\"wpcf7-form-control-wrap\" data-name=\"nombre\"><input size=\"40\" maxlength=\"400\" class=\"wpcf7-form-control wpcf7-text wpcf7-validates-as-required\" aria-required=\"true\" aria-invalid=\"false\" placeholder=\"Nombre *\" value=\"\" type=\"text\" name=\"nombre\" \/><\/span>\n\t\t<\/p>\n\t<\/div>\n\t<div class=\"wgl_col-12\">\n\t\t<p><span class=\"wpcf7-form-control-wrap\" data-name=\"email\"><input size=\"40\" maxlength=\"400\" class=\"wpcf7-form-control wpcf7-email wpcf7-validates-as-required wpcf7-text wpcf7-validates-as-email\" aria-required=\"true\" aria-invalid=\"false\" placeholder=\"Email *\" value=\"\" type=\"email\" name=\"email\" \/><\/span>\n\t\t<\/p>\n\t<\/div>\n\t<div class=\"wgl_col-12\">\n\t\t<p><span class=\"wpcf7-form-control-wrap\" data-name=\"telefono\"><input size=\"40\" maxlength=\"400\" class=\"wpcf7-form-control wpcf7-text wpcf7-validates-as-required\" aria-required=\"true\" aria-invalid=\"false\" placeholder=\"Tel\u00e9fono *\" value=\"\" type=\"text\" name=\"telefono\" \/><\/span>\n\t\t<\/p>\n\t<\/div>\n\t<div class=\"wgl_col-12\">\n\t\t<p><span class=\"wpcf7-form-control-wrap\" data-name=\"whatsapp\"><input size=\"40\" maxlength=\"400\" class=\"wpcf7-form-control wpcf7-text wpcf7-validates-as-required\" aria-required=\"true\" aria-invalid=\"false\" placeholder=\"WhatsApp\" value=\"\" type=\"text\" name=\"whatsapp\" \/><\/span>\n\t\t<\/p>\n\t<\/div>\n\t<div class=\"wgl_col-12\">\n\t\t<p><span class=\"wpcf7-form-control-wrap\" data-name=\"descripcion\"><textarea cols=\"40\" rows=\"10\" maxlength=\"2000\" class=\"wpcf7-form-control wpcf7-textarea wpcf7-validates-as-required\" aria-required=\"true\" aria-invalid=\"false\" placeholder=\"Mensaje *\" name=\"descripcion\"><\/textarea><\/span>\n\t\t<\/p>\n\t<\/div>\n<\/div>\n<p><input class=\"wpcf7-form-control wpcf7-submit has-spinner\" type=\"submit\" value=\"SOLICITAR\" \/>\n<\/p><div class=\"wpcf7-response-output\" aria-hidden=\"true\"><\/div>\n<\/form>\n<\/div>\n[wgl_spacing spacer_size=&#8221;5&#8243;][\/vc_column_inner][vc_column_inner width=&#8221;2\/3&#8243; offset=&#8221;vc_col-lg-5 vc_col-md-offset-1 vc_col-md-6 vc_col-sm-offset-2&#8243; css=&#8221;.vc_custom_1543481099252{padding-top: 0px !important;}&#8221;][wgl_spacing spacer_size=&#8221;30px&#8221; screen_tablet=&#8221;768&#8243; responsive_tablet=&#8221;true&#8221; size_tablet=&#8221;70&#8243; responsive_mobile=&#8221;true&#8221; size_mobile=&#8221;260&#8243;][wgl_double_headings title_color=&#8221;#1e203f&#8221; subtitle_color=&#8221;#0465b2&#8243; title=&#8221;WordPress + Woocommerce&#8221; responsive_font=&#8221;true&#8221; font_size_mobile=&#8221;33&#8243;][wgl_spacing spacer_size=&#8221;20px&#8221;][vc_column_text]WordPress and Woocommerce integration makes a powerful tool for managing online stores.<\/p>\n<p>En JavoraiDigital contamos con la capacidad de crear <strong>Ecommerce con WordPress<\/strong> ya que conocemos cada una de sus caracter\u00edsticas t\u00e9cnicas, lo que nos permite encargarnos del desarrollo y mantenimiento de tiendas en l\u00ednea.<\/p>\n<p>At JavoSites we know each of WordPress and Woocommerce technical characteristics for eCommerce websites development and maintenance.<\/p>\n<p>We focus on helping our clients in the process of generating a personalized ecommerce based on their needs and specifications so they can be able to grow in the digital market.<\/p>\n<p>The platform integrates 100% with browsers, Facebook and Instagram.[\/vc_column_text][\/vc_column_inner][\/vc_row_inner][wgl_spacing spacer_size=&#8221;43px&#8221;][\/vc_column][\/vc_row][vc_row][vc_column][wgl_spacing spacer_size=&#8221;30&#8243;][\/vc_column][\/vc_row][vc_row][vc_column width=&#8221;1\/3&#8243;][wgl_info_box ib_align=&#8221;center&#8221; icon_type=&#8221;font&#8221; icon_font_type=&#8221;type_flaticon&#8221; icon_flaticon=&#8221;flaticon-price-1&#8243; icon_color_idle=&#8221;#ffffff&#8221; icon_color_hover=&#8221;#ffffff&#8221; icon_bg_type=&#8221;gradient&#8221; icon_bg_gradient_start=&#8221;#dd3333&#8243; icon_bg_gradient_end=&#8221;#ff0000&#8243; icon_bg_gradient_start_hover=&#8221;#ff0000&#8243; icon_bg_gradient_end_hover=&#8221;#dd3333&#8243; icon_color=&#8221;#ffffff&#8221; ib_title=&#8221;Product Catalog&#8221; ib_content=&#8221;Within this option, you can manage products, categories, brands, attributes, and variations. It also allows you to enter characteristics, and manage your stock.&#8221; custom_icon_size=&#8221;25&#8243; custom_icon_bg_color=&#8221;true&#8221; custom_icon_color=&#8221;true&#8221; custom_icon_bg_width=&#8221;50&#8243; custom_icon_bg_height=&#8221;50&#8243;][\/vc_column][vc_column width=&#8221;1\/3&#8243;][wgl_info_box ib_align=&#8221;center&#8221; icon_type=&#8221;font&#8221; icon_font_type=&#8221;type_flaticon&#8221; icon_flaticon=&#8221;flaticon-bag&#8221; icon_color_idle=&#8221;#ffffff&#8221; icon_color_hover=&#8221;#ffffff&#8221; icon_bg_type=&#8221;gradient&#8221; icon_bg_gradient_start=&#8221;#5ad0ff&#8221; icon_bg_gradient_end=&#8221;#3224e9&#8243; icon_bg_gradient_start_hover=&#8221;#3224e9&#8243; icon_bg_gradient_end_hover=&#8221;#5ad0ff&#8221; icon_color=&#8221;#ffffff&#8221; ib_title=&#8221;Sales&#8221; ib_content=&#8221;Within sales, the Cart configuration, orders management, payments and shipments are included.&#8221; custom_icon_size=&#8221;25&#8243; custom_icon_color=&#8221;true&#8221; custom_icon_bg_color=&#8221;true&#8221; custom_icon_bg_width=&#8221;50&#8243; custom_icon_bg_height=&#8221;50&#8243;][\/vc_column][vc_column width=&#8221;1\/3&#8243;][wgl_info_box ib_align=&#8221;center&#8221; icon_type=&#8221;font&#8221; icon_font_type=&#8221;type_flaticon&#8221; icon_flaticon=&#8221;flaticon-target&#8221; icon_color_idle=&#8221;#ffffff&#8221; icon_color_hover=&#8221;#ffffff&#8221; icon_bg_type=&#8221;gradient&#8221; icon_bg_gradient_start=&#8221;#ff6600&#8243; icon_bg_gradient_end=&#8221;#ffc43a&#8221; icon_bg_gradient_start_hover=&#8221;#ffc43a&#8221; icon_bg_gradient_end_hover=&#8221;#ff6600&#8243; icon_color=&#8221;#ffffff&#8221; ib_title=&#8221;Clients&#8221; ib_content=&#8221;This e-commerce platform allows you to manage customer groups in order to have them segmented and better classified.&#8221; custom_icon_size=&#8221;25&#8243; custom_icon_color=&#8221;true&#8221; custom_icon_bg_color=&#8221;true&#8221; custom_icon_bg_width=&#8221;50&#8243; custom_icon_bg_height=&#8221;50&#8243;][\/vc_column][\/vc_row][vc_row][vc_column width=&#8221;1\/3&#8243;][wgl_info_box ib_align=&#8221;center&#8221; icon_type=&#8221;font&#8221; icon_font_type=&#8221;type_flaticon&#8221; icon_flaticon=&#8221;flaticon-user-1&#8243; icon_color_idle=&#8221;#ffffff&#8221; icon_color_hover=&#8221;#ffffff&#8221; icon_bg_type=&#8221;gradient&#8221; icon_bg_gradient_start=&#8221;#ff6600&#8243; icon_bg_gradient_end=&#8221;#ffc43a&#8221; icon_bg_gradient_start_hover=&#8221;#ffc43a&#8221; icon_bg_gradient_end_hover=&#8221;#ff6600&#8243; icon_color=&#8221;#ffffff&#8221; ib_title=&#8221;Users&#8221; ib_content=&#8221;Within users, you can enter and modify their roles and permissions and keep a record of activities by a user.&#8221; custom_icon_size=&#8221;25&#8243; custom_icon_bg_color=&#8221;true&#8221; custom_icon_color=&#8221;true&#8221; custom_icon_bg_width=&#8221;50&#8243; custom_icon_bg_height=&#8221;50&#8243;][wgl_spacing spacer_size=&#8221;25&#8243;][\/vc_column][vc_column width=&#8221;1\/3&#8243;][wgl_info_box ib_align=&#8221;center&#8221; icon_type=&#8221;font&#8221; icon_font_type=&#8221;type_flaticon&#8221; icon_flaticon=&#8221;flaticon-pencil&#8221; icon_color_idle=&#8221;#ffffff&#8221; icon_color_hover=&#8221;#ffffff&#8221; icon_bg_type=&#8221;gradient&#8221; icon_bg_gradient_start=&#8221;#5ad0ff&#8221; icon_bg_gradient_end=&#8221;#3224e9&#8243; icon_bg_gradient_start_hover=&#8221;#3224e9&#8243; icon_bg_gradient_end_hover=&#8221;#5ad0ff&#8221; icon_color=&#8221;#ffffff&#8221; ib_title=&#8221;Contents&#8221; ib_content=&#8221;For website content, it includes an Integrated Blog.&#8221; custom_icon_size=&#8221;25&#8243; custom_icon_color=&#8221;true&#8221; custom_icon_bg_color=&#8221;true&#8221; custom_icon_bg_width=&#8221;50&#8243; custom_icon_bg_height=&#8221;50&#8243;][wgl_spacing spacer_size=&#8221;32&#8243;][\/vc_column][vc_column width=&#8221;1\/3&#8243;][wgl_info_box ib_align=&#8221;center&#8221; icon_type=&#8221;font&#8221; icon_font_type=&#8221;type_flaticon&#8221; icon_flaticon=&#8221;flaticon-star&#8221; icon_color_idle=&#8221;#ffffff&#8221; icon_color_hover=&#8221;#ffffff&#8221; icon_bg_type=&#8221;gradient&#8221; icon_bg_gradient_start=&#8221;#dd3333&#8243; icon_bg_gradient_end=&#8221;#dd0000&#8243; icon_bg_gradient_start_hover=&#8221;#dd0000&#8243; icon_bg_gradient_end_hover=&#8221;#dd3333&#8243; icon_color=&#8221;#ffffff&#8221; ib_title=&#8221;Plugins&#8221; ib_content=&#8221;You will have the option to integrate many free plugins to enhance your online store.&#8221; custom_icon_size=&#8221;25&#8243; custom_icon_color=&#8221;true&#8221; custom_icon_bg_color=&#8221;true&#8221; custom_icon_bg_width=&#8221;50&#8243; custom_icon_bg_height=&#8221;50&#8243;][wgl_spacing spacer_size=&#8221;32&#8243;][\/vc_column][\/vc_row][vc_row][vc_column][wgl_spacing spacer_size=&#8221;55&#8243; screen_tablet=&#8221;768&#8243; responsive_tablet=&#8221;true&#8221; size_tablet=&#8221;30&#8243;][wgl_double_headings title_color=&#8221;#1e203f&#8221; subtitle_color=&#8221;#0465b2&#8243; title=&#8221;Our Projects with WordPress + Woocommerce&#8221; responsive_font=&#8221;true&#8221; font_size_mobile=&#8221;31&#8243;][wgl_spacing spacer_size=&#8221;40&#8243;]<section class=\"wgl_cpt_section\"><div class=\"wgl_portfolio_list\" id=\"portfolio_module_69f9f75ac464f\"><div class=\"wgl_portfolio_list-container container-grid row carousel portfolio_columns-3\"  style=\"margin-right:-15px; margin-left:-15px; margin-bottom:-30px;\">[wgl_carousel slide_to_show=\"3\" autoplay=\"true\" autoplay_speed=\"3000\" use_pagination=\"1\" pag_type=\"line_circle\" pag_offset=\"-10\" custom_pag_color=\"\" pag_color=\"#0465b2\" custom_resp=\"\" resp_medium=\"1025\" resp_medium_slides=\"\" resp_tablets=\"800\" resp_tablets_slides=\"\" resp_mobile=\"480\" resp_mobile_slides=\"\" infinite=\"\" ]<article class=\"wgl_portfolio_list-item item wgl_col-4\"  style=\"padding-right:15px; padding-left:15px; padding-bottom:30px\"><div class=\"wgl_portfolio_item-wrapper under_image h_align_left\"><div class=\"wgl_portfolio_item-image\"><img data-recalc-dims=\"1\" height=\"740\" width=\"740\" decoding=\"async\"  src=\"https:\/\/i0.wp.com\/www.javoraidigital.com\/wp-content\/uploads\/2021\/07\/ArteIndigenaWeb-scaled.jpg?resize=740%2C740&#038;ssl=1\"  alt=\"\" \/><div class=\"overlay\"><\/div><a href='https:\/\/www.javoraidigital.com\/wp-content\/uploads\/2021\/07\/ArteIndigenaWeb-scaled.jpg' class='swipebox'><\/a><\/div><div class=\"wgl_portfolio_item-description\"><div class=\"wgl_portfolio_item-title\"><h5 class=\"title\"><a href=\"https:\/\/www.javoraidigital.com\/wp-content\/uploads\/2021\/07\/ArteIndigenaWeb-scaled.jpg\" class='title_sw swipebox'>Arte Indigena del Paraguay<\/a><\/h5><\/div><\/div><\/div><\/article>[\/wgl_carousel]<\/div><\/div><\/section>[\/vc_column][\/vc_row]\n<\/div>","protected":false},"excerpt":{"rendered":"<p>[vc_row][vc_column][wgl_spacing spacer_size=&#8221;13&#8243;][\/vc_column][\/vc_row][vc_row content_placement=&#8221;middle&#8221; z_index=&#8221;3&#8243;][vc_column width=&#8221;1\/2&#8243;][wgl_double_headings title_color=&#8221;#1e203f&#8221; subtitle_color=&#8221;#0465b2&#8243; title=&#8221;What is WordPress&#8221; responsive_font=&#8221;true&#8221; font_size_mobile=&#8221;33&#8243;][wgl_spacing spacer_size=&#8221;19&#8243;][wgl_custom_text font_size=&#8221;18&#8243;]WordPress is a content management system (CMS) that allows you to create, edit and completely remove the features it brings. Over the years, it has become more popular. It is ideal for content management that allows all kinds of more complex websites [&hellip;]<\/p>\n","protected":false},"author":1,"featured_media":0,"parent":0,"menu_order":0,"comment_status":"closed","ping_status":"closed","template":"","meta":{"footnotes":""},"class_list":["post-4977","page","type-page","status-publish","hentry"],"yoast_head":"<!-- This site is optimized with the Yoast SEO plugin v27.2 - https:\/\/yoast.com\/product\/yoast-seo-wordpress\/ -->\n<title>WordPress and Woocommerce - Agencia de Servicios Digitales<\/title>\n<meta name=\"robots\" content=\"index, follow, max-snippet:-1, max-image-preview:large, max-video-preview:-1\" \/>\n<link rel=\"canonical\" href=\"https:\/\/www.javoraidigital.com\/en\/wordpress-and-woocommerce\/\" \/>\n<meta property=\"og:locale\" content=\"en_US\" \/>\n<meta property=\"og:type\" content=\"article\" \/>\n<meta property=\"og:title\" content=\"WordPress and Woocommerce - Agencia de Servicios Digitales\" \/>\n<meta property=\"og:description\" content=\"[vc_row][vc_column][wgl_spacing spacer_size=&#8221;13&#8243;][\/vc_column][\/vc_row][vc_row content_placement=&#8221;middle&#8221; z_index=&#8221;3&#8243;][vc_column width=&#8221;1\/2&#8243;][wgl_double_headings title_color=&#8221;#1e203f&#8221; subtitle_color=&#8221;#0465b2&#8243; title=&#8221;What is WordPress&#8221; responsive_font=&#8221;true&#8221; font_size_mobile=&#8221;33&#8243;][wgl_spacing spacer_size=&#8221;19&#8243;][wgl_custom_text font_size=&#8221;18&#8243;]WordPress is a content management system (CMS) that allows you to create, edit and completely remove the features it brings. Over the years, it has become more popular. It is ideal for content management that allows all kinds of more complex websites [&hellip;]\" \/>\n<meta property=\"og:url\" content=\"https:\/\/www.javoraidigital.com\/en\/wordpress-and-woocommerce\/\" \/>\n<meta property=\"og:site_name\" content=\"Agencia de Servicios Digitales\" \/>\n<meta property=\"article:modified_time\" content=\"2022-07-11T00:44:01+00:00\" \/>\n<meta name=\"twitter:card\" content=\"summary_large_image\" \/>\n<meta name=\"twitter:label1\" content=\"Est. reading time\" \/>\n\t<meta name=\"twitter:data1\" content=\"3 minutes\" \/>\n<script type=\"application\/ld+json\" class=\"yoast-schema-graph\">{\"@context\":\"https:\/\/schema.org\",\"@graph\":[{\"@type\":\"WebPage\",\"@id\":\"https:\/\/www.javoraidigital.com\/en\/wordpress-and-woocommerce\/\",\"url\":\"https:\/\/www.javoraidigital.com\/en\/wordpress-and-woocommerce\/\",\"name\":\"WordPress and Woocommerce - Agencia de Servicios Digitales\",\"isPartOf\":{\"@id\":\"https:\/\/www.javoraidigital.com\/#website\"},\"datePublished\":\"2022-03-03T07:34:52+00:00\",\"dateModified\":\"2022-07-11T00:44:01+00:00\",\"breadcrumb\":{\"@id\":\"https:\/\/www.javoraidigital.com\/en\/wordpress-and-woocommerce\/#breadcrumb\"},\"inLanguage\":\"en-US\",\"potentialAction\":[{\"@type\":\"ReadAction\",\"target\":[\"https:\/\/www.javoraidigital.com\/en\/wordpress-and-woocommerce\/\"]}]},{\"@type\":\"BreadcrumbList\",\"@id\":\"https:\/\/www.javoraidigital.com\/en\/wordpress-and-woocommerce\/#breadcrumb\",\"itemListElement\":[{\"@type\":\"ListItem\",\"position\":1,\"name\":\"Inicio\",\"item\":\"https:\/\/www.javoraidigital.com\/en\/\"},{\"@type\":\"ListItem\",\"position\":2,\"name\":\"WordPress and Woocommerce\"}]},{\"@type\":\"WebSite\",\"@id\":\"https:\/\/www.javoraidigital.com\/#website\",\"url\":\"https:\/\/www.javoraidigital.com\/\",\"name\":\"Agencia de Servicios Digitales\",\"description\":\"\",\"potentialAction\":[{\"@type\":\"SearchAction\",\"target\":{\"@type\":\"EntryPoint\",\"urlTemplate\":\"https:\/\/www.javoraidigital.com\/?s={search_term_string}\"},\"query-input\":{\"@type\":\"PropertyValueSpecification\",\"valueRequired\":true,\"valueName\":\"search_term_string\"}}],\"inLanguage\":\"en-US\"}]}<\/script>\n<!-- \/ Yoast SEO plugin. -->","yoast_head_json":{"title":"WordPress and Woocommerce - Agencia de Servicios Digitales","robots":{"index":"index","follow":"follow","max-snippet":"max-snippet:-1","max-image-preview":"max-image-preview:large","max-video-preview":"max-video-preview:-1"},"canonical":"https:\/\/www.javoraidigital.com\/en\/wordpress-and-woocommerce\/","og_locale":"en_US","og_type":"article","og_title":"WordPress and Woocommerce - Agencia de Servicios Digitales","og_description":"[vc_row][vc_column][wgl_spacing spacer_size=&#8221;13&#8243;][\/vc_column][\/vc_row][vc_row content_placement=&#8221;middle&#8221; z_index=&#8221;3&#8243;][vc_column width=&#8221;1\/2&#8243;][wgl_double_headings title_color=&#8221;#1e203f&#8221; subtitle_color=&#8221;#0465b2&#8243; title=&#8221;What is WordPress&#8221; responsive_font=&#8221;true&#8221; font_size_mobile=&#8221;33&#8243;][wgl_spacing spacer_size=&#8221;19&#8243;][wgl_custom_text font_size=&#8221;18&#8243;]WordPress is a content management system (CMS) that allows you to create, edit and completely remove the features it brings. Over the years, it has become more popular. It is ideal for content management that allows all kinds of more complex websites [&hellip;]","og_url":"https:\/\/www.javoraidigital.com\/en\/wordpress-and-woocommerce\/","og_site_name":"Agencia de Servicios Digitales","article_modified_time":"2022-07-11T00:44:01+00:00","twitter_card":"summary_large_image","twitter_misc":{"Est. reading time":"3 minutes"},"schema":{"@context":"https:\/\/schema.org","@graph":[{"@type":"WebPage","@id":"https:\/\/www.javoraidigital.com\/en\/wordpress-and-woocommerce\/","url":"https:\/\/www.javoraidigital.com\/en\/wordpress-and-woocommerce\/","name":"WordPress and Woocommerce - Agencia de Servicios Digitales","isPartOf":{"@id":"https:\/\/www.javoraidigital.com\/#website"},"datePublished":"2022-03-03T07:34:52+00:00","dateModified":"2022-07-11T00:44:01+00:00","breadcrumb":{"@id":"https:\/\/www.javoraidigital.com\/en\/wordpress-and-woocommerce\/#breadcrumb"},"inLanguage":"en-US","potentialAction":[{"@type":"ReadAction","target":["https:\/\/www.javoraidigital.com\/en\/wordpress-and-woocommerce\/"]}]},{"@type":"BreadcrumbList","@id":"https:\/\/www.javoraidigital.com\/en\/wordpress-and-woocommerce\/#breadcrumb","itemListElement":[{"@type":"ListItem","position":1,"name":"Inicio","item":"https:\/\/www.javoraidigital.com\/en\/"},{"@type":"ListItem","position":2,"name":"WordPress and Woocommerce"}]},{"@type":"WebSite","@id":"https:\/\/www.javoraidigital.com\/#website","url":"https:\/\/www.javoraidigital.com\/","name":"Agencia de Servicios Digitales","description":"","potentialAction":[{"@type":"SearchAction","target":{"@type":"EntryPoint","urlTemplate":"https:\/\/www.javoraidigital.com\/?s={search_term_string}"},"query-input":{"@type":"PropertyValueSpecification","valueRequired":true,"valueName":"search_term_string"}}],"inLanguage":"en-US"}]}},"_links":{"self":[{"href":"https:\/\/www.javoraidigital.com\/en\/wp-json\/wp\/v2\/pages\/4977","targetHints":{"allow":["GET"]}}],"collection":[{"href":"https:\/\/www.javoraidigital.com\/en\/wp-json\/wp\/v2\/pages"}],"about":[{"href":"https:\/\/www.javoraidigital.com\/en\/wp-json\/wp\/v2\/types\/page"}],"author":[{"embeddable":true,"href":"https:\/\/www.javoraidigital.com\/en\/wp-json\/wp\/v2\/users\/1"}],"replies":[{"embeddable":true,"href":"https:\/\/www.javoraidigital.com\/en\/wp-json\/wp\/v2\/comments?post=4977"}],"version-history":[{"count":7,"href":"https:\/\/www.javoraidigital.com\/en\/wp-json\/wp\/v2\/pages\/4977\/revisions"}],"predecessor-version":[{"id":4985,"href":"https:\/\/www.javoraidigital.com\/en\/wp-json\/wp\/v2\/pages\/4977\/revisions\/4985"}],"wp:attachment":[{"href":"https:\/\/www.javoraidigital.com\/en\/wp-json\/wp\/v2\/media?parent=4977"}],"curies":[{"name":"wp","href":"https:\/\/api.w.org\/{rel}","templated":true}]}}